{"id":202,"date":"2024-01-17T10:58:57","date_gmt":"2024-01-17T09:58:57","guid":{"rendered":"https:\/\/www.venscykeluthyrning.se\/?page_id=202"},"modified":"2024-03-04T11:53:13","modified_gmt":"2024-03-04T10:53:13","slug":"att-gora-pa-ven","status":"publish","type":"page","link":"https:\/\/73ven.aws.nosleep.se\/en\/att-gora-pa-ven\/","title":{"rendered":"Things to do on Ven"},"content":{"rendered":"<section class=\"mht-block mht-block-hero mht-block-hero-f933b4ecec2c740d21800a8d8292c9df height-type-d-fixed height-type-m-fixed\">\r\n\r\n    \n<style id='mht-block-hero-f933b4ecec2c740d21800a8d8292c9df-vars'>section.mht-block-hero-f933b4ecec2c740d21800a8d8292c9df{--mht-block-hero-section-height:468px !important;--mht-block-hero-subtitle-color:rgb(255,255,255);--mht-block-hero-title-color:rgb(255,255,255);--mht-block-hero-desc-color:rgb(255,255,255);--mht-block-hero-slide-1-rich-bg-color:#263331;--mht-block-hero-slide-1-rich-bg-image:url('https:\/\/73ven.aws.nosleep.se\/wp-content\/uploads\/2024\/02\/shutterstock_2307590551@2x-1920x624.webp')}@media(max-width:991.98px){section.mht-block-hero-f933b4ecec2c740d21800a8d8292c9df{--mht-block-hero-section-height:468px !important;--mht-block-hero-slide-1-rich-bg-image:url('https:\/\/73ven.aws.nosleep.se\/wp-content\/uploads\/2024\/02\/shutterstock_2307590551-m@2x-575x690.webp')}}<\/style>\n\r\n    <div class=\"section-rich-bg rich-bg\"><\/div>\r\n\r\n    <div class=\"hero-slider\">\r\n                    <div class=\"hero-slide hero-slide-1\">\r\n\r\n                <div class=\"hero-slide--rich-bg rich-bg\" style=\"background-color:var(--mht-block-hero-slide-1-rich-bg-color);background-image:var(--mht-block-hero-slide-1-rich-bg-image)\">\r\n                    \n<style>section.mht-block-hero-f933b4ecec2c740d21800a8d8292c9df .hero-slide-1 .rich-bg::after {\n            background-color: var(--mht-block-hero-slide-1-rich-bg-overlay-color, transparent);\n            -webkit-backdrop-filter: blur(var(--mht-block-hero-slide-1-rich-bg-blur, 0));\n            backdrop-filter: blur(var(--mht-block-hero-slide-1-rich-bg-blur, 0));\n        }<\/style>\n                <\/div>\r\n\r\n                <div class=\"container\">\r\n                    <div class=\"hero-slide--content\">\r\n                        <div class=\"hero-slide--content--inner\">\r\n\r\n                            \r\n                                                            <h1 class=\"hero--title mht-heading screen-reader-text-no-focus\" style=\"color:var(--mht-block-hero-title-color)\">                                    Things to do on Ven                                <\/h1>                            \r\n                            \r\n                            \r\n                        <\/div><!-- .section-content-inner -->\r\n                    <\/div><!-- .section-content -->\r\n                <\/div><!-- .container -->\r\n\r\n            <\/div>\r\n            <\/div>\r\n\r\n    \r\n<\/section>\r\n\n\n<section class=\"mht-block mht-block-cta mht-block-cta-2369205fb428a72afd880cb83e07bc42 cta-image-rotate-cw-2\" style=\"margin-top:var(--mht-block-cta-section-margin-top);margin-bottom:var(--mht-block-cta-section-margin-bottom)\">\n\n    \n<style id='mht-block-cta-2369205fb428a72afd880cb83e07bc42-vars'>section.mht-block-cta-2369205fb428a72afd880cb83e07bc42{--mht-block-cta-section-margin-top:100px;--mht-block-cta-section-margin-bottom:140px;--mht-block-cta-image-grid-column:8\/span 5;--mht-block-cta-image-order:2;--mht-block-cta-texts-grid-column:1\/span 5;--mht-block-cta-title-margin-bottom:18px;--mht-block-cta-desc-font-size:18px;--mht-block-cta-desc-padding-right:42px;--mht-block-cta-button-wrap-margin-top:46px}@media(max-width:991.98px){section.mht-block-cta-2369205fb428a72afd880cb83e07bc42{--mht-block-cta-section-margin-top:60px;--mht-block-cta-content-row-gap:60px;--mht-block-cta-image-grid-column:1\/span 2;--mht-block-cta-image-order:initial;--mht-block-cta-texts-grid-column:1\/span 2;--mht-block-cta-desc-padding-right:0;--mht-block-cta-button-wrap-margin-top:36px}}<\/style>\n\n    <div class=\"section-rich-bg rich-bg\"><\/div>\n\n    <div class=\"container\">\n        <div class=\"section-content\">\n            <div class=\"section-content--inner mht-grid align-items-center\" style=\"row-gap:var(--mht-block-cta-content-row-gap)\">\n\n                                    <div class=\"cta--image\" style=\"grid-column:var(--mht-block-cta-image-grid-column);order:var(--mht-block-cta-image-order)\">\n                        <img loading=\"lazy\" decoding=\"async\" width=\"768\" height=\"679\" src=\"https:\/\/73ven.aws.nosleep.se\/wp-content\/uploads\/2024\/02\/shutterstock_2306084045@2x-768x679.webp\" class=\"display-d\" alt=\"\" srcset=\"https:\/\/73ven.aws.nosleep.se\/wp-content\/uploads\/2024\/02\/shutterstock_2306084045@2x-768x679.webp 768w, https:\/\/73ven.aws.nosleep.se\/wp-content\/uploads\/2024\/02\/shutterstock_2306084045@2x-300x265.webp 300w, https:\/\/73ven.aws.nosleep.se\/wp-content\/uploads\/2024\/02\/shutterstock_2306084045@2x-1024x906.webp 1024w, https:\/\/73ven.aws.nosleep.se\/wp-content\/uploads\/2024\/02\/shutterstock_2306084045@2x-14x12.webp 14w, https:\/\/73ven.aws.nosleep.se\/wp-content\/uploads\/2024\/02\/shutterstock_2306084045@2x-575x509.webp 575w, https:\/\/73ven.aws.nosleep.se\/wp-content\/uploads\/2024\/02\/shutterstock_2306084045@2x-600x531.webp 600w, https:\/\/73ven.aws.nosleep.se\/wp-content\/uploads\/2024\/02\/shutterstock_2306084045@2x.webp 1038w\" sizes=\"auto, (max-width: 768px) 100vw, 768px\" \/><img loading=\"lazy\" decoding=\"async\" width=\"575\" height=\"506\" src=\"https:\/\/73ven.aws.nosleep.se\/wp-content\/uploads\/2024\/02\/shutterstock_2306084045@2x-m-575x506.webp\" class=\"display-m\" alt=\"\" srcset=\"https:\/\/73ven.aws.nosleep.se\/wp-content\/uploads\/2024\/02\/shutterstock_2306084045@2x-m-575x506.webp 575w, https:\/\/73ven.aws.nosleep.se\/wp-content\/uploads\/2024\/02\/shutterstock_2306084045@2x-m-300x264.webp 300w, https:\/\/73ven.aws.nosleep.se\/wp-content\/uploads\/2024\/02\/shutterstock_2306084045@2x-m-14x12.webp 14w, https:\/\/73ven.aws.nosleep.se\/wp-content\/uploads\/2024\/02\/shutterstock_2306084045@2x-m-600x528.webp 600w, https:\/\/73ven.aws.nosleep.se\/wp-content\/uploads\/2024\/02\/shutterstock_2306084045@2x-m.webp 696w\" sizes=\"auto, (max-width: 575px) 100vw, 575px\" \/>                    <\/div><!-- .cta--image -->\n                \n                <div class=\"cta--texts\" style=\"grid-column:var(--mht-block-cta-texts-grid-column)\">\n                    \n                                            <h2 class=\"cta--title mht-heading\" style=\"margin-bottom:var(--mht-block-cta-title-margin-bottom)\">                            Excursion Destinations and Attractions                        <\/h2>                    \n                                            <div class=\"cta--desc\" style=\"font-size:var(--mht-block-cta-desc-font-size);padding-right:var(--mht-block-cta-desc-padding-right)\">\n                            <p>Ven is a picturesque island located in the \u00d6resund strait between Sweden and Denmark, renowned for its breathtaking landscapes and historical significance. The island's rolling hills, green fields, and dramatic cliffs provide a perfect backdrop for cycling, hiking, and nature experiences.<\/p>\n<p>Visitors can also explore the Tycho Brahe Museum, enjoy locally produced delicacies, and experience a unique sense of peace and tranquility. Ven is an ideal destination for those seeking a break from city life, with its charming villages, art galleries, and spectacular sea views.<\/p>\n<p>Ven offers a wide variety of activities for both young and old, from sunbathing and swimming, to whisky tasting and golf. A strong recommendation is to plan a visit to the Tycho Brahe Museum, situated in the heart of the island. The nine-hole golf course offers golfing in wonderful nature, and why not conclude the round with a meal at their cozy restaurant?<\/p>\n<p>For those not interested in golf, or looking to start more gently, seize the opportunity to try football golf at Gamleg\u00e5rd or perhaps mini-golf at Camp Ven instead. Those who prefer to relax can settle down on a beach or try the whisky at Spirit of Hven.<\/p>\n                        <\/div>\n                    \n                                    <\/div><!-- .cta--texts -->\n\n            <\/div><!-- .section-content-inner -->\n        <\/div><!-- .section-content -->\n    <\/div><!-- .container -->\n\n<\/section>\n\n\n<div class=\"gb-container gb-container-5bb084f6\">\n<div class=\"gb-container gb-container-b07f8cd0\">\n<div class=\"gb-container gb-container-46eacf44\">\n\n<h2 class=\"gb-headline gb-headline-1d8222fc gb-headline-text h3-m\">With the help of our bike map, you'll find your way to many of Ven's businesses and attractions. You can print it out yourself or pick it up from us at the reception.<\/h2>\n\n<\/div>\n<\/div>\n<\/div>\n\n<section class=\"mht-block mht-block-cta mht-block-cta-d19c8db8671ab69881c788e9f850c0f0 accommodation-at-ven\" style=\"padding-top:var(--mht-block-cta-section-padding-top);padding-bottom:var(--mht-block-cta-section-padding-bottom)\">\n\n    \n<style id='mht-block-cta-d19c8db8671ab69881c788e9f850c0f0-vars'>section.mht-block-cta-d19c8db8671ab69881c788e9f850c0f0{--mht-block-cta-section-padding-top:100px;--mht-block-cta-section-padding-bottom:215px;--mht-block-section-rich-bg-color:#263331;--mht-block-section-rich-bg-image:url('https:\/\/73ven.aws.nosleep.se\/wp-content\/uploads\/2024\/02\/shutterstock_1475309123@2x-1920x747.webp');--mht-block-section-rich-bg-overlay-color:rgba(38,51,49,0.4);--mht-block-cta-image-order:2;--mht-block-cta-texts-grid-column:1\/span 5;--mht-block-cta-subtitle-color:rgb(255,255,255);--mht-block-cta-title-color:rgb(255,255,255);--mht-block-cta-title-margin-bottom:18px;--mht-block-cta-desc-font-size:18px;--mht-block-cta-desc-line-height:1.333;--mht-block-cta-desc-color:rgb(255,255,255)}@media(max-width:991.98px){section.mht-block-cta-d19c8db8671ab69881c788e9f850c0f0{--mht-block-cta-section-padding-bottom:296px;--mht-block-section-rich-bg-image:url('https:\/\/73ven.aws.nosleep.se\/wp-content\/uploads\/2024\/02\/shutterstock_1475309123@2x-m-575x980.webp');--mht-block-cta-image-order:initial;--mht-block-cta-texts-grid-column:1\/span 2}}<\/style>\n\n    <div class=\"section-rich-bg rich-bg\" style=\"background-color:var(--mht-block-section-rich-bg-color);background-image:var(--mht-block-section-rich-bg-image)\"><\/div>\n\n    <div class=\"container\">\n        <div class=\"section-content\">\n            <div class=\"section-content--inner mht-grid\">\n\n                \n                <div class=\"cta--texts\" style=\"grid-column:var(--mht-block-cta-texts-grid-column)\">\n                    \n                                            <h2 class=\"cta--title mht-heading\" style=\"color:var(--mht-block-cta-title-color);margin-bottom:var(--mht-block-cta-title-margin-bottom)\">                            Accommodations on Ven                        <\/h2>                    \n                                            <div class=\"cta--desc\" style=\"font-size:var(--mht-block-cta-desc-font-size);line-height:var(--mht-block-cta-desc-line-height);color:var(--mht-block-cta-desc-color)\">\n                            <p>If you're planning to stay on Ven for an extended period, below you'll find suggestions for accommodation options.<\/p>\n<ul>\n<li>Nova Harmonia<\/li>\n<li>Turistg\u00e5rden &#8211; House of Ven<\/li>\n<li>Camp Ven<\/li>\n<li>Spirit of Hven<\/li>\n<\/ul>\n                        <\/div>\n                    \n                                    <\/div><!-- .cta--texts -->\n\n            <\/div><!-- .section-content-inner -->\n        <\/div><!-- .section-content -->\n    <\/div><!-- .container -->\n\n<\/section>\n\n\n<div class=\"gb-container gb-container-3ed41053\">\n<div class=\"gb-grid-wrapper gb-grid-wrapper-5f6edb5e\">\n<div class=\"gb-grid-column gb-grid-column-4530731b\"><div class=\"gb-container gb-container-4530731b\">\n<div class=\"gb-container gb-container-0e34addd\">\n\n<figure class=\"gb-block-image gb-block-image-389b250f\"><img loading=\"lazy\" decoding=\"async\" width=\"678\" height=\"598\" class=\"gb-image gb-image-389b250f image-rotate-cw-2\" src=\"https:\/\/73ven.aws.nosleep.se\/wp-content\/uploads\/2024\/02\/shutterstock_2099796331-1@2x.webp\" alt=\"\" srcset=\"https:\/\/73ven.aws.nosleep.se\/wp-content\/uploads\/2024\/02\/shutterstock_2099796331-1@2x.webp 678w, https:\/\/73ven.aws.nosleep.se\/wp-content\/uploads\/2024\/02\/shutterstock_2099796331-1@2x-300x265.webp 300w, https:\/\/73ven.aws.nosleep.se\/wp-content\/uploads\/2024\/02\/shutterstock_2099796331-1@2x-14x12.webp 14w, https:\/\/73ven.aws.nosleep.se\/wp-content\/uploads\/2024\/02\/shutterstock_2099796331-1@2x-575x507.webp 575w, https:\/\/73ven.aws.nosleep.se\/wp-content\/uploads\/2024\/02\/shutterstock_2099796331-1@2x-600x529.webp 600w\" sizes=\"auto, (max-width: 678px) 100vw, 678px\" \/><\/figure>\n\n<\/div>\n\n<div class=\"gb-container gb-container-b171a317\">\n\n<figure class=\"gb-block-image gb-block-image-f8ddcf9b\"><img loading=\"lazy\" decoding=\"async\" width=\"678\" height=\"598\" class=\"gb-image gb-image-f8ddcf9b image-rotate-ccw-2\" src=\"https:\/\/73ven.aws.nosleep.se\/wp-content\/uploads\/2024\/02\/shutterstock_1670609626@2x.webp\" alt=\"\" srcset=\"https:\/\/73ven.aws.nosleep.se\/wp-content\/uploads\/2024\/02\/shutterstock_1670609626@2x.webp 678w, https:\/\/73ven.aws.nosleep.se\/wp-content\/uploads\/2024\/02\/shutterstock_1670609626@2x-300x265.webp 300w, https:\/\/73ven.aws.nosleep.se\/wp-content\/uploads\/2024\/02\/shutterstock_1670609626@2x-14x12.webp 14w, https:\/\/73ven.aws.nosleep.se\/wp-content\/uploads\/2024\/02\/shutterstock_1670609626@2x-575x507.webp 575w, https:\/\/73ven.aws.nosleep.se\/wp-content\/uploads\/2024\/02\/shutterstock_1670609626@2x-600x529.webp 600w\" sizes=\"auto, (max-width: 678px) 100vw, 678px\" \/><\/figure>\n\n<\/div>\n<\/div><\/div>\n\n<div class=\"gb-grid-column gb-grid-column-b76ca8d7\"><div class=\"gb-container gb-container-b76ca8d7\">\n<div class=\"gb-container gb-container-be939783\">\n\n<h2 class=\"gb-headline gb-headline-1594dc52 gb-headline-text\">How do I get to Ven?<\/h2>\n\n\n\n<p>To travel to Ven, use <a href=\"https:\/\/ventrafiken.se\/om-ven\/se-gora\/\" target=\"_blank\" rel=\"noreferrer noopener\">Ventrafiken's ferries <\/a>departing from Skeppsbron in Landskrona to B\u00e4ckviken on Ven. <br><br>Contact information for Ventrafiken is 0418-473 473 or their official website. During the summer months, there are also options for travelers from Denmark, with connections from Copenhagen and Helsing\u00f8r. <br><br><a href=\"https:\/\/raabatarna.nu\/\" target=\"_blank\" rel=\"noreferrer noopener\">The R\u00e5\u00e5 boats<\/a> also offer summer tours to Ven. All these transportation options arrive at B\u00e4ckviken, located near our bike rental.<\/p>\n\n\n\n<h4 class=\"gb-headline gb-headline-14136567 gb-headline-text\">General Information about Ven<\/h4>\n\n\n\n<dl class=\"boxed-dotted\">\n    <div>\n        <dt>Area<\/dt>\n        <dd>760 ha<\/dd>\n    <\/div>\n    <div>\n        <dt>Length<\/dt>\n        <dd>4,5 km<\/dd>\n    <\/div>\n    <div>\n        <dt>Width<\/dt>\n        <dd>2,4 km<\/dd>\n    <\/div>\n    <div>\n        <dt>Circumference<\/dt>\n        <dd>11,7 km<\/dd>\n    <\/div>\n    <div>\n        <dt>Highest Point<\/dt>\n        <dd>45 m<\/dd>\n    <\/div>\n    <div>\n        <dt>Population<\/dt>\n        <dd>361<\/dd>\n    <\/div>\n<\/dl>\n\n<\/div>\n<\/div><\/div>\n<\/div>\n<\/div>\n\n<div class=\"gb-container gb-container-567d6a07\">\n<div class=\"gb-container gb-container-54d7dc4d\">\n\n<h2 class=\"gb-headline gb-headline-4eaac645 gb-headline-text h3-m\">More information about activities and similar can be found at <a href=\"https:\/\/ilandskrona.se\/besoka\/ven\/\" target=\"_blank\" rel=\"noreferrer noopener\">Landskrona.se<\/a><\/h2>\n\n<\/div>\n<\/div>","protected":false},"excerpt":{"rendered":"<p>Med hj\u00e4lp av cykelkartan hittar ni v\u00e4gen till m\u00e5nga av Vens f\u00f6retag och sev\u00e4rdheter. Ni kan sj\u00e4lva skriva ut den eller h\u00e4mta hos oss i receptionen. Mer information om aktiviteter och liknande finns p\u00e5 Landskrona.se<\/p>","protected":false},"author":1,"featured_media":0,"parent":0,"menu_order":0,"comment_status":"closed","ping_status":"closed","template":"","meta":{"_acf_changed":false,"inline_featured_image":false,"footnotes":""},"class_list":["post-202","page","type-page","status-publish","hentry"],"acf":[],"yoast_head":"<!-- This site is optimized with the Yoast SEO plugin v22.3 - https:\/\/yoast.com\/wordpress\/plugins\/seo\/ -->\n<title>Att g\u00f6ra p\u00e5 Ven - Vens Cykeluthyrning<\/title>\n<meta name=\"robots\" content=\"noindex, follow, max-snippet:-1, max-image-preview:large, max-video-preview:-1\" \/>\n<meta property=\"og:locale\" content=\"en_GB\" \/>\n<meta property=\"og:type\" content=\"article\" \/>\n<meta property=\"og:title\" content=\"Att g\u00f6ra p\u00e5 Ven - Vens Cykeluthyrning\" \/>\n<meta property=\"og:description\" content=\"Med hj\u00e4lp av cykelkartan hittar ni v\u00e4gen till m\u00e5nga av Vens f\u00f6retag och sev\u00e4rdheter. Ni kan sj\u00e4lva skriva ut den eller h\u00e4mta hos oss i receptionen. Mer information om aktiviteter och liknande finns p\u00e5 Landskrona.se\" \/>\n<meta property=\"og:url\" content=\"https:\/\/73ven.aws.nosleep.se\/en\/att-gora-pa-ven\/\" \/>\n<meta property=\"og:site_name\" content=\"Vens Cykeluthyrning\" \/>\n<meta property=\"article:publisher\" content=\"https:\/\/www.facebook.com\/VensCykeluthyrning\/?locale=sv_SE\" \/>\n<meta property=\"article:modified_time\" content=\"2024-03-04T10:53:13+00:00\" \/>\n<meta property=\"og:image\" content=\"https:\/\/73ven.aws.nosleep.se\/wp-content\/uploads\/2024\/02\/shutterstock_2099796331-1@2x.webp\" \/>\n<meta name=\"twitter:card\" content=\"summary_large_image\" \/>\n<meta name=\"twitter:label1\" content=\"Estimated reading time\" \/>\n\t<meta name=\"twitter:data1\" content=\"2 minutes\" \/>\n<script type=\"application\/ld+json\" class=\"yoast-schema-graph\">{\"@context\":\"https:\/\/schema.org\",\"@graph\":[{\"@type\":\"WebPage\",\"@id\":\"https:\/\/73ven.aws.nosleep.se\/att-gora-pa-ven\/\",\"url\":\"https:\/\/73ven.aws.nosleep.se\/att-gora-pa-ven\/\",\"name\":\"Att g\u00f6ra p\u00e5 Ven - Vens Cykeluthyrning\",\"isPartOf\":{\"@id\":\"https:\/\/73ven.aws.nosleep.se\/#website\"},\"primaryImageOfPage\":{\"@id\":\"https:\/\/73ven.aws.nosleep.se\/att-gora-pa-ven\/#primaryimage\"},\"image\":{\"@id\":\"https:\/\/73ven.aws.nosleep.se\/att-gora-pa-ven\/#primaryimage\"},\"thumbnailUrl\":\"https:\/\/73ven.aws.nosleep.se\/wp-content\/uploads\/2024\/02\/shutterstock_2099796331-1@2x.webp\",\"datePublished\":\"2024-01-17T09:58:57+00:00\",\"dateModified\":\"2024-03-04T10:53:13+00:00\",\"breadcrumb\":{\"@id\":\"https:\/\/73ven.aws.nosleep.se\/att-gora-pa-ven\/#breadcrumb\"},\"inLanguage\":\"en-GB\",\"potentialAction\":[{\"@type\":\"ReadAction\",\"target\":[\"https:\/\/73ven.aws.nosleep.se\/att-gora-pa-ven\/\"]}]},{\"@type\":\"ImageObject\",\"inLanguage\":\"en-GB\",\"@id\":\"https:\/\/73ven.aws.nosleep.se\/att-gora-pa-ven\/#primaryimage\",\"url\":\"https:\/\/73ven.aws.nosleep.se\/wp-content\/uploads\/2024\/02\/shutterstock_2099796331-1@2x.webp\",\"contentUrl\":\"https:\/\/73ven.aws.nosleep.se\/wp-content\/uploads\/2024\/02\/shutterstock_2099796331-1@2x.webp\",\"width\":678,\"height\":598},{\"@type\":\"BreadcrumbList\",\"@id\":\"https:\/\/73ven.aws.nosleep.se\/att-gora-pa-ven\/#breadcrumb\",\"itemListElement\":[{\"@type\":\"ListItem\",\"position\":1,\"name\":\"Home\",\"item\":\"https:\/\/73ven.aws.nosleep.se\/\"},{\"@type\":\"ListItem\",\"position\":2,\"name\":\"Att g\u00f6ra p\u00e5 Ven\"}]},{\"@type\":\"WebSite\",\"@id\":\"https:\/\/73ven.aws.nosleep.se\/#website\",\"url\":\"https:\/\/73ven.aws.nosleep.se\/\",\"name\":\"Vens Cykeluthyrning\",\"description\":\"\",\"publisher\":{\"@id\":\"https:\/\/73ven.aws.nosleep.se\/#organization\"},\"potentialAction\":[{\"@type\":\"SearchAction\",\"target\":{\"@type\":\"EntryPoint\",\"urlTemplate\":\"https:\/\/73ven.aws.nosleep.se\/?s={search_term_string}\"},\"query-input\":\"required name=search_term_string\"}],\"inLanguage\":\"en-GB\"},{\"@type\":[\"Organization\",\"Place\"],\"@id\":\"https:\/\/73ven.aws.nosleep.se\/#organization\",\"name\":\"Vens Cykeluthyrning AB\",\"url\":\"https:\/\/73ven.aws.nosleep.se\/\",\"logo\":{\"@id\":\"https:\/\/73ven.aws.nosleep.se\/att-gora-pa-ven\/#local-main-organization-logo\"},\"image\":{\"@id\":\"https:\/\/73ven.aws.nosleep.se\/att-gora-pa-ven\/#local-main-organization-logo\"},\"sameAs\":[\"https:\/\/www.facebook.com\/VensCykeluthyrning\/?locale=sv_SE\",\"https:\/\/www.instagram.com\/venscykeluthyrning\/\"],\"address\":{\"@id\":\"https:\/\/73ven.aws.nosleep.se\/att-gora-pa-ven\/#local-main-place-address\"},\"geo\":{\"@type\":\"GeoCoordinates\",\"latitude\":\"55.90340164933873\",\"longitude\":\"12.7184718\"},\"telephone\":[\"+46(0)418 \u2013 72 250\"],\"openingHoursSpecification\":[],\"email\":\"info@venscykeluthyrning.se\"},{\"@type\":\"PostalAddress\",\"@id\":\"https:\/\/73ven.aws.nosleep.se\/att-gora-pa-ven\/#local-main-place-address\",\"streetAddress\":\"Landsv\u00e4gen 20\",\"addressLocality\":\"Sankt Ibb\",\"postalCode\":\"261 95\",\"addressCountry\":\"SE\"},{\"@type\":\"ImageObject\",\"inLanguage\":\"en-GB\",\"@id\":\"https:\/\/73ven.aws.nosleep.se\/att-gora-pa-ven\/#local-main-organization-logo\",\"url\":\"https:\/\/73ven.aws.nosleep.se\/wp-content\/uploads\/2024\/03\/logo-square.webp\",\"contentUrl\":\"https:\/\/73ven.aws.nosleep.se\/wp-content\/uploads\/2024\/03\/logo-square.webp\",\"width\":696,\"height\":696,\"caption\":\"Vens Cykeluthyrning AB\"}]}<\/script>\n<meta name=\"geo.placename\" content=\"Sankt Ibb\" \/>\n<meta name=\"geo.position\" content=\"55.90340164933873;12.7184718\" \/>\n<meta name=\"geo.region\" content=\"Sweden\" \/>\n<!-- \/ Yoast SEO plugin. -->","yoast_head_json":{"title":"Att g\u00f6ra p\u00e5 Ven - Vens Cykeluthyrning","robots":{"index":"noindex","follow":"follow","max-snippet":"max-snippet:-1","max-image-preview":"max-image-preview:large","max-video-preview":"max-video-preview:-1"},"og_locale":"en_GB","og_type":"article","og_title":"Att g\u00f6ra p\u00e5 Ven - Vens Cykeluthyrning","og_description":"Med hj\u00e4lp av cykelkartan hittar ni v\u00e4gen till m\u00e5nga av Vens f\u00f6retag och sev\u00e4rdheter. Ni kan sj\u00e4lva skriva ut den eller h\u00e4mta hos oss i receptionen. Mer information om aktiviteter och liknande finns p\u00e5 Landskrona.se","og_url":"https:\/\/73ven.aws.nosleep.se\/en\/att-gora-pa-ven\/","og_site_name":"Vens Cykeluthyrning","article_publisher":"https:\/\/www.facebook.com\/VensCykeluthyrning\/?locale=sv_SE","article_modified_time":"2024-03-04T10:53:13+00:00","og_image":[{"url":"https:\/\/73ven.aws.nosleep.se\/wp-content\/uploads\/2024\/02\/shutterstock_2099796331-1@2x.webp"}],"twitter_card":"summary_large_image","twitter_misc":{"Estimated reading time":"2 minutes"},"schema":{"@context":"https:\/\/schema.org","@graph":[{"@type":"WebPage","@id":"https:\/\/73ven.aws.nosleep.se\/att-gora-pa-ven\/","url":"https:\/\/73ven.aws.nosleep.se\/att-gora-pa-ven\/","name":"Att g\u00f6ra p\u00e5 Ven - Vens Cykeluthyrning","isPartOf":{"@id":"https:\/\/73ven.aws.nosleep.se\/#website"},"primaryImageOfPage":{"@id":"https:\/\/73ven.aws.nosleep.se\/att-gora-pa-ven\/#primaryimage"},"image":{"@id":"https:\/\/73ven.aws.nosleep.se\/att-gora-pa-ven\/#primaryimage"},"thumbnailUrl":"https:\/\/73ven.aws.nosleep.se\/wp-content\/uploads\/2024\/02\/shutterstock_2099796331-1@2x.webp","datePublished":"2024-01-17T09:58:57+00:00","dateModified":"2024-03-04T10:53:13+00:00","breadcrumb":{"@id":"https:\/\/73ven.aws.nosleep.se\/att-gora-pa-ven\/#breadcrumb"},"inLanguage":"en-GB","potentialAction":[{"@type":"ReadAction","target":["https:\/\/73ven.aws.nosleep.se\/att-gora-pa-ven\/"]}]},{"@type":"ImageObject","inLanguage":"en-GB","@id":"https:\/\/73ven.aws.nosleep.se\/att-gora-pa-ven\/#primaryimage","url":"https:\/\/73ven.aws.nosleep.se\/wp-content\/uploads\/2024\/02\/shutterstock_2099796331-1@2x.webp","contentUrl":"https:\/\/73ven.aws.nosleep.se\/wp-content\/uploads\/2024\/02\/shutterstock_2099796331-1@2x.webp","width":678,"height":598},{"@type":"BreadcrumbList","@id":"https:\/\/73ven.aws.nosleep.se\/att-gora-pa-ven\/#breadcrumb","itemListElement":[{"@type":"ListItem","position":1,"name":"Home","item":"https:\/\/73ven.aws.nosleep.se\/"},{"@type":"ListItem","position":2,"name":"Att g\u00f6ra p\u00e5 Ven"}]},{"@type":"WebSite","@id":"https:\/\/73ven.aws.nosleep.se\/#website","url":"https:\/\/73ven.aws.nosleep.se\/","name":"Vens Cykeluthyrning","description":"","publisher":{"@id":"https:\/\/73ven.aws.nosleep.se\/#organization"},"potentialAction":[{"@type":"SearchAction","target":{"@type":"EntryPoint","urlTemplate":"https:\/\/73ven.aws.nosleep.se\/?s={search_term_string}"},"query-input":"required name=search_term_string"}],"inLanguage":"en-GB"},{"@type":["Organization","Place"],"@id":"https:\/\/73ven.aws.nosleep.se\/#organization","name":"Vens Cykeluthyrning AB","url":"https:\/\/73ven.aws.nosleep.se\/","logo":{"@id":"https:\/\/73ven.aws.nosleep.se\/att-gora-pa-ven\/#local-main-organization-logo"},"image":{"@id":"https:\/\/73ven.aws.nosleep.se\/att-gora-pa-ven\/#local-main-organization-logo"},"sameAs":["https:\/\/www.facebook.com\/VensCykeluthyrning\/?locale=sv_SE","https:\/\/www.instagram.com\/venscykeluthyrning\/"],"address":{"@id":"https:\/\/73ven.aws.nosleep.se\/att-gora-pa-ven\/#local-main-place-address"},"geo":{"@type":"GeoCoordinates","latitude":"55.90340164933873","longitude":"12.7184718"},"telephone":["+46(0)418 \u2013 72 250"],"openingHoursSpecification":[],"email":"info@venscykeluthyrning.se"},{"@type":"PostalAddress","@id":"https:\/\/73ven.aws.nosleep.se\/att-gora-pa-ven\/#local-main-place-address","streetAddress":"Landsv\u00e4gen 20","addressLocality":"Sankt Ibb","postalCode":"261 95","addressCountry":"SE"},{"@type":"ImageObject","inLanguage":"en-GB","@id":"https:\/\/73ven.aws.nosleep.se\/att-gora-pa-ven\/#local-main-organization-logo","url":"https:\/\/73ven.aws.nosleep.se\/wp-content\/uploads\/2024\/03\/logo-square.webp","contentUrl":"https:\/\/73ven.aws.nosleep.se\/wp-content\/uploads\/2024\/03\/logo-square.webp","width":696,"height":696,"caption":"Vens Cykeluthyrning AB"}]},"geo.placename":"Sankt Ibb","geo.position":{"lat":"55.90340164933873","long":"12.7184718"},"geo.region":"Sweden"},"_links":{"self":[{"href":"https:\/\/73ven.aws.nosleep.se\/en\/wp-json\/wp\/v2\/pages\/202","targetHints":{"allow":["GET"]}}],"collection":[{"href":"https:\/\/73ven.aws.nosleep.se\/en\/wp-json\/wp\/v2\/pages"}],"about":[{"href":"https:\/\/73ven.aws.nosleep.se\/en\/wp-json\/wp\/v2\/types\/page"}],"author":[{"embeddable":true,"href":"https:\/\/73ven.aws.nosleep.se\/en\/wp-json\/wp\/v2\/users\/1"}],"replies":[{"embeddable":true,"href":"https:\/\/73ven.aws.nosleep.se\/en\/wp-json\/wp\/v2\/comments?post=202"}],"version-history":[{"count":0,"href":"https:\/\/73ven.aws.nosleep.se\/en\/wp-json\/wp\/v2\/pages\/202\/revisions"}],"wp:attachment":[{"href":"https:\/\/73ven.aws.nosleep.se\/en\/wp-json\/wp\/v2\/media?parent=202"}],"curies":[{"name":"wp","href":"https:\/\/api.w.org\/{rel}","templated":true}]}}