{"id":225,"date":"2024-01-17T11:11:26","date_gmt":"2024-01-17T10:11:26","guid":{"rendered":"https:\/\/www.venscykeluthyrning.se\/?page_id=225"},"modified":"2025-03-03T15:34:28","modified_gmt":"2025-03-03T14:34:28","slug":"kalender","status":"publish","type":"page","link":"https:\/\/73ven.aws.nosleep.se\/en\/boka-cykel\/kalender\/","title":{"rendered":"Rent a Bike - Calendar"},"content":{"rendered":"<section class=\"mht-block mht-block-hero mht-block-hero-f400a8ab1c56ff446a1a8f47748713cd height-type-d-fixed height-type-m-fixed\">\r\n\r\n    \n<style id='mht-block-hero-f400a8ab1c56ff446a1a8f47748713cd-vars'>section.mht-block-hero-f400a8ab1c56ff446a1a8f47748713cd{--mht-block-hero-section-height:468px !important;--mht-block-hero-subtitle-color:rgb(255,255,255);--mht-block-hero-title-color:rgb(255,255,255);--mht-block-hero-desc-color:rgb(255,255,255);--mht-block-hero-slide-1-rich-bg-color:#263331;--mht-block-hero-slide-1-rich-bg-image:url('https:\/\/73ven.aws.nosleep.se\/wp-content\/uploads\/2024\/01\/shutterstock_1733983532@2x-1920x624.webp')}@media(max-width:991.98px){section.mht-block-hero-f400a8ab1c56ff446a1a8f47748713cd{--mht-block-hero-section-height:468px !important;--mht-block-hero-slide-1-rich-bg-image:url('https:\/\/73ven.aws.nosleep.se\/wp-content\/uploads\/2024\/01\/shutterstock_1733983532-m@2x-575x690.webp')}}<\/style>\n\r\n    <div class=\"section-rich-bg rich-bg\"><\/div>\r\n\r\n    <div class=\"hero-slider\">\r\n                    <div class=\"hero-slide hero-slide-1\">\r\n\r\n                <div class=\"hero-slide--rich-bg rich-bg\" style=\"background-color:var(--mht-block-hero-slide-1-rich-bg-color);background-image:var(--mht-block-hero-slide-1-rich-bg-image)\">\r\n                    \n<style>section.mht-block-hero-f400a8ab1c56ff446a1a8f47748713cd .hero-slide-1 .rich-bg::after {\n            background-color: var(--mht-block-hero-slide-1-rich-bg-overlay-color, transparent);\n            -webkit-backdrop-filter: blur(var(--mht-block-hero-slide-1-rich-bg-blur, 0));\n            backdrop-filter: blur(var(--mht-block-hero-slide-1-rich-bg-blur, 0));\n        }<\/style>\n                <\/div>\r\n\r\n                <div class=\"container\">\r\n                    <div class=\"hero-slide--content\">\r\n                        <div class=\"hero-slide--content--inner\">\r\n\r\n                            \r\n                                                            <h1 class=\"hero--title mht-heading screen-reader-text-no-focus\" style=\"color:var(--mht-block-hero-title-color)\">                                    Rent a Bike - Calendar                                <\/h1>                            \r\n                            \r\n                            \r\n                        <\/div><!-- .section-content-inner -->\r\n                    <\/div><!-- .section-content -->\r\n                <\/div><!-- .container -->\r\n\r\n            <\/div>\r\n            <\/div>\r\n\r\n    \r\n<\/section>\r\n\n\n<div class=\"gb-container gb-container-f95f0d61\">\n\n\n<\/div>\n\n<div class=\"gb-container gb-container-f66b769b\">\n<div class=\"gb-container gb-container-010613b1\">\n<div data-block-name=\"woocommerce\/store-notices\" class=\"wc-block-store-notices woocommerce alignwide alignwide wp-block-woocommerce-store-notices\"><div class=\"woocommerce-notices-wrapper\"><\/div><\/div>\n\n\n<h2 class=\"gb-headline gb-headline-9fec7d33 gb-headline-text h1 h3-m\">Select your booking dates<\/h2>\n\n\n\n<p class=\"gb-headline gb-headline-91d5f7d9 gb-headline-text\">Bokningen \u00e4r \u00f6ppen fr\u00e5n den 26 april till den 21 september. <strong>It is possible to book until 11:59 PM the day before pickup<\/strong>. For rentals during other times of the year, please contact us by phone or email.<\/p>\n\n\n    <div id=\"mht-booking-calendar\" class=\"mht-bc mht-bc-date-type-single\">\n        <noscript>Your browser must support JavaScript in order to make a booking.<\/noscript>\n\n        <div class=\"mht-bc--date-type-and-outputs\">\n            <div class=\"mht-bc--date-type\">\n                <button class=\"btn btn-transparent mht-bc--date-type--select mht-selected\" value=\"single\">One day<\/button>\n                <button class=\"btn btn-transparent mht-bc--date-type--select\" value=\"range\">Multiple days<\/button>\n            <\/div>\n\n            <div class=\"mht-bc--outputs\">\n                <span id=\"mht-bc--no-inputs\" style=\"\">\n                    <span class=\"no-input no-input-single\">Please select a date<\/span>\n                    <span class=\"no-input no-input-range\">Please select a date range<\/span>\n                <\/span>\n\n                <span id=\"mht-bc--outputs--outputs\" style=\"display: none;\">\n                    <span class=\"outputs outputs-single\">\n                        <strong>Date:<\/strong> <span class=\"date\">&hellip;<\/span>\n                    <\/span>\n                    <span class=\"outputs outputs-range\">\n                        <span class=\"from\"><strong>From:<\/strong> <span class=\"date from-date\">&hellip;<\/span><\/span>\n                        <span class=\"separator\"><i class=\"fa-light fa-arrow-right-long\"><\/i><\/span>\n                        <span class=\"to\"><strong>To:<\/strong> <span class=\"date to-date\">&hellip;<\/span><\/span>\n                    <\/span>\n                <\/span>\n            <\/div>\n        <\/div>\n\n        <form class=\"mht-booking-calendar--form\" action=\"https:\/\/73ven.aws.nosleep.se\/en\/boka-cykel\/boka\/\" method=\"get\" data-trp-original-action=\"https:\/\/73ven.aws.nosleep.se\/en\/boka-cykel\/boka\/\">\n            <input type=\"hidden\" id=\"mht-bc--input\" value=\"\">\n            <input type=\"hidden\" name=\"booking_date_type\" id=\"mht-bc--input--type\" value=\"single\">\n            <input type=\"hidden\" name=\"booking_date_from\" id=\"mht-bc--input--from\" value=\"\">\n            <input type=\"hidden\" name=\"booking_date_to\" id=\"mht-bc--input--to\" value=\"\">\n\n            <div id=\"mht-bc--calendar-container\"><\/div>\n\n            <div class=\"mht-bc--footer\">\n                <div class=\"mht-bc--btn-go-to-cart\">\n                    <input class=\"button wc-forward\" type=\"submit\" value=\"Proceed to booking\">\n                <\/div>\n            <\/div>\n        <input type=\"hidden\" name=\"trp-form-language\" value=\"en\"\/><\/form>\n    <\/div>\n    \n\n<\/div>\n<\/div>","protected":false},"excerpt":{"rendered":"<p>V\u00e4lj dina bokningsdatum Bokningen \u00e4r \u00f6ppen fr\u00e5n den 26 april till den 21 september. Det \u00e4r m\u00f6jligt att boka fram till 23:59 dagen innan avh\u00e4mtning. F\u00f6r uthyrning under \u00f6vriga delar av \u00e5ret, v\u00e4nligen kontakta oss via telefon eller e-post.<\/p>","protected":false},"author":1,"featured_media":0,"parent":1880,"menu_order":0,"comment_status":"closed","ping_status":"closed","template":"","meta":{"_acf_changed":false,"inline_featured_image":false,"footnotes":""},"class_list":["post-225","page","type-page","status-publish","hentry"],"acf":[],"yoast_head":"<!-- This site is optimized with the Yoast SEO plugin v22.3 - https:\/\/yoast.com\/wordpress\/plugins\/seo\/ -->\n<title>Boka cykel - Kalender - Vens Cykeluthyrning<\/title>\n<meta name=\"robots\" content=\"noindex, follow, max-snippet:-1, max-image-preview:large, max-video-preview:-1\" \/>\n<meta property=\"og:locale\" content=\"en_GB\" \/>\n<meta property=\"og:type\" content=\"article\" \/>\n<meta property=\"og:title\" content=\"Boka cykel - Kalender - Vens Cykeluthyrning\" \/>\n<meta property=\"og:description\" content=\"V\u00e4lj dina bokningsdatum Bokningen \u00e4r \u00f6ppen fr\u00e5n den 26 april till den 21 september. Det \u00e4r m\u00f6jligt att boka fram till 23:59 dagen innan avh\u00e4mtning. F\u00f6r uthyrning under \u00f6vriga delar av \u00e5ret, v\u00e4nligen kontakta oss via telefon eller e-post.\" \/>\n<meta property=\"og:url\" content=\"https:\/\/73ven.aws.nosleep.se\/en\/boka-cykel\/kalender\/\" \/>\n<meta property=\"og:site_name\" content=\"Vens Cykeluthyrning\" \/>\n<meta property=\"article:publisher\" content=\"https:\/\/www.facebook.com\/VensCykeluthyrning\/?locale=sv_SE\" \/>\n<meta property=\"article:modified_time\" content=\"2025-03-03T14:34:28+00:00\" \/>\n<meta property=\"og:image\" content=\"https:\/\/73ven.aws.nosleep.se\/wp-content\/uploads\/2024\/03\/site-image.webp\" \/>\n\t<meta property=\"og:image:width\" content=\"1200\" \/>\n\t<meta property=\"og:image:height\" content=\"675\" \/>\n\t<meta property=\"og:image:type\" content=\"image\/webp\" \/>\n<meta name=\"twitter:card\" content=\"summary_large_image\" \/>\n<meta name=\"twitter:label1\" content=\"Estimated reading time\" \/>\n\t<meta name=\"twitter:data1\" content=\"1 minute\" \/>\n<script type=\"application\/ld+json\" class=\"yoast-schema-graph\">{\"@context\":\"https:\/\/schema.org\",\"@graph\":[{\"@type\":\"WebPage\",\"@id\":\"https:\/\/73ven.aws.nosleep.se\/boka-cykel\/kalender\/\",\"url\":\"https:\/\/73ven.aws.nosleep.se\/boka-cykel\/kalender\/\",\"name\":\"Boka cykel - Kalender - Vens Cykeluthyrning\",\"isPartOf\":{\"@id\":\"https:\/\/73ven.aws.nosleep.se\/#website\"},\"datePublished\":\"2024-01-17T10:11:26+00:00\",\"dateModified\":\"2025-03-03T14:34:28+00:00\",\"breadcrumb\":{\"@id\":\"https:\/\/73ven.aws.nosleep.se\/boka-cykel\/kalender\/#breadcrumb\"},\"inLanguage\":\"en-GB\",\"potentialAction\":[{\"@type\":\"ReadAction\",\"target\":[\"https:\/\/73ven.aws.nosleep.se\/boka-cykel\/kalender\/\"]}]},{\"@type\":\"BreadcrumbList\",\"@id\":\"https:\/\/73ven.aws.nosleep.se\/boka-cykel\/kalender\/#breadcrumb\",\"itemListElement\":[{\"@type\":\"ListItem\",\"position\":1,\"name\":\"Home\",\"item\":\"https:\/\/73ven.aws.nosleep.se\/\"},{\"@type\":\"ListItem\",\"position\":2,\"name\":\"Boka Cykel\",\"item\":\"https:\/\/73ven.aws.nosleep.se\/boka-cykel\/\"},{\"@type\":\"ListItem\",\"position\":3,\"name\":\"Boka cykel &#8211; Kalender\"}]},{\"@type\":\"WebSite\",\"@id\":\"https:\/\/73ven.aws.nosleep.se\/#website\",\"url\":\"https:\/\/73ven.aws.nosleep.se\/\",\"name\":\"Vens Cykeluthyrning\",\"description\":\"\",\"publisher\":{\"@id\":\"https:\/\/73ven.aws.nosleep.se\/#organization\"},\"potentialAction\":[{\"@type\":\"SearchAction\",\"target\":{\"@type\":\"EntryPoint\",\"urlTemplate\":\"https:\/\/73ven.aws.nosleep.se\/?s={search_term_string}\"},\"query-input\":\"required name=search_term_string\"}],\"inLanguage\":\"en-GB\"},{\"@type\":[\"Organization\",\"Place\"],\"@id\":\"https:\/\/73ven.aws.nosleep.se\/#organization\",\"name\":\"Vens Cykeluthyrning AB\",\"url\":\"https:\/\/73ven.aws.nosleep.se\/\",\"logo\":{\"@id\":\"https:\/\/73ven.aws.nosleep.se\/boka-cykel\/kalender\/#local-main-organization-logo\"},\"image\":{\"@id\":\"https:\/\/73ven.aws.nosleep.se\/boka-cykel\/kalender\/#local-main-organization-logo\"},\"sameAs\":[\"https:\/\/www.facebook.com\/VensCykeluthyrning\/?locale=sv_SE\",\"https:\/\/www.instagram.com\/venscykeluthyrning\/\"],\"address\":{\"@id\":\"https:\/\/73ven.aws.nosleep.se\/boka-cykel\/kalender\/#local-main-place-address\"},\"geo\":{\"@type\":\"GeoCoordinates\",\"latitude\":\"55.90340164933873\",\"longitude\":\"12.7184718\"},\"telephone\":[\"+46(0)418 \u2013 72 250\"],\"openingHoursSpecification\":[],\"email\":\"info@venscykeluthyrning.se\"},{\"@type\":\"PostalAddress\",\"@id\":\"https:\/\/73ven.aws.nosleep.se\/boka-cykel\/kalender\/#local-main-place-address\",\"streetAddress\":\"Landsv\u00e4gen 20\",\"addressLocality\":\"Sankt Ibb\",\"postalCode\":\"261 95\",\"addressCountry\":\"SE\"},{\"@type\":\"ImageObject\",\"inLanguage\":\"en-GB\",\"@id\":\"https:\/\/73ven.aws.nosleep.se\/boka-cykel\/kalender\/#local-main-organization-logo\",\"url\":\"https:\/\/73ven.aws.nosleep.se\/wp-content\/uploads\/2024\/03\/logo-square.webp\",\"contentUrl\":\"https:\/\/73ven.aws.nosleep.se\/wp-content\/uploads\/2024\/03\/logo-square.webp\",\"width\":696,\"height\":696,\"caption\":\"Vens Cykeluthyrning AB\"}]}<\/script>\n<meta name=\"geo.placename\" content=\"Sankt Ibb\" \/>\n<meta name=\"geo.position\" content=\"55.90340164933873;12.7184718\" \/>\n<meta name=\"geo.region\" content=\"Sweden\" \/>\n<!-- \/ Yoast SEO plugin. -->","yoast_head_json":{"title":"Boka cykel - Kalender - Vens Cykeluthyrning","robots":{"index":"noindex","follow":"follow","max-snippet":"max-snippet:-1","max-image-preview":"max-image-preview:large","max-video-preview":"max-video-preview:-1"},"og_locale":"en_GB","og_type":"article","og_title":"Boka cykel - Kalender - Vens Cykeluthyrning","og_description":"V\u00e4lj dina bokningsdatum Bokningen \u00e4r \u00f6ppen fr\u00e5n den 26 april till den 21 september. Det \u00e4r m\u00f6jligt att boka fram till 23:59 dagen innan avh\u00e4mtning. F\u00f6r uthyrning under \u00f6vriga delar av \u00e5ret, v\u00e4nligen kontakta oss via telefon eller e-post.","og_url":"https:\/\/73ven.aws.nosleep.se\/en\/boka-cykel\/kalender\/","og_site_name":"Vens Cykeluthyrning","article_publisher":"https:\/\/www.facebook.com\/VensCykeluthyrning\/?locale=sv_SE","article_modified_time":"2025-03-03T14:34:28+00:00","og_image":[{"width":1200,"height":675,"url":"https:\/\/73ven.aws.nosleep.se\/wp-content\/uploads\/2024\/03\/site-image.webp","type":"image\/webp"}],"twitter_card":"summary_large_image","twitter_misc":{"Estimated reading time":"1 minute"},"schema":{"@context":"https:\/\/schema.org","@graph":[{"@type":"WebPage","@id":"https:\/\/73ven.aws.nosleep.se\/boka-cykel\/kalender\/","url":"https:\/\/73ven.aws.nosleep.se\/boka-cykel\/kalender\/","name":"Boka cykel - Kalender - Vens Cykeluthyrning","isPartOf":{"@id":"https:\/\/73ven.aws.nosleep.se\/#website"},"datePublished":"2024-01-17T10:11:26+00:00","dateModified":"2025-03-03T14:34:28+00:00","breadcrumb":{"@id":"https:\/\/73ven.aws.nosleep.se\/boka-cykel\/kalender\/#breadcrumb"},"inLanguage":"en-GB","potentialAction":[{"@type":"ReadAction","target":["https:\/\/73ven.aws.nosleep.se\/boka-cykel\/kalender\/"]}]},{"@type":"BreadcrumbList","@id":"https:\/\/73ven.aws.nosleep.se\/boka-cykel\/kalender\/#breadcrumb","itemListElement":[{"@type":"ListItem","position":1,"name":"Home","item":"https:\/\/73ven.aws.nosleep.se\/"},{"@type":"ListItem","position":2,"name":"Boka Cykel","item":"https:\/\/73ven.aws.nosleep.se\/boka-cykel\/"},{"@type":"ListItem","position":3,"name":"Boka cykel &#8211; Kalender"}]},{"@type":"WebSite","@id":"https:\/\/73ven.aws.nosleep.se\/#website","url":"https:\/\/73ven.aws.nosleep.se\/","name":"Vens Cykeluthyrning","description":"","publisher":{"@id":"https:\/\/73ven.aws.nosleep.se\/#organization"},"potentialAction":[{"@type":"SearchAction","target":{"@type":"EntryPoint","urlTemplate":"https:\/\/73ven.aws.nosleep.se\/?s={search_term_string}"},"query-input":"required name=search_term_string"}],"inLanguage":"en-GB"},{"@type":["Organization","Place"],"@id":"https:\/\/73ven.aws.nosleep.se\/#organization","name":"Vens Cykeluthyrning AB","url":"https:\/\/73ven.aws.nosleep.se\/","logo":{"@id":"https:\/\/73ven.aws.nosleep.se\/boka-cykel\/kalender\/#local-main-organization-logo"},"image":{"@id":"https:\/\/73ven.aws.nosleep.se\/boka-cykel\/kalender\/#local-main-organization-logo"},"sameAs":["https:\/\/www.facebook.com\/VensCykeluthyrning\/?locale=sv_SE","https:\/\/www.instagram.com\/venscykeluthyrning\/"],"address":{"@id":"https:\/\/73ven.aws.nosleep.se\/boka-cykel\/kalender\/#local-main-place-address"},"geo":{"@type":"GeoCoordinates","latitude":"55.90340164933873","longitude":"12.7184718"},"telephone":["+46(0)418 \u2013 72 250"],"openingHoursSpecification":[],"email":"info@venscykeluthyrning.se"},{"@type":"PostalAddress","@id":"https:\/\/73ven.aws.nosleep.se\/boka-cykel\/kalender\/#local-main-place-address","streetAddress":"Landsv\u00e4gen 20","addressLocality":"Sankt Ibb","postalCode":"261 95","addressCountry":"SE"},{"@type":"ImageObject","inLanguage":"en-GB","@id":"https:\/\/73ven.aws.nosleep.se\/boka-cykel\/kalender\/#local-main-organization-logo","url":"https:\/\/73ven.aws.nosleep.se\/wp-content\/uploads\/2024\/03\/logo-square.webp","contentUrl":"https:\/\/73ven.aws.nosleep.se\/wp-content\/uploads\/2024\/03\/logo-square.webp","width":696,"height":696,"caption":"Vens Cykeluthyrning AB"}]},"geo.placename":"Sankt Ibb","geo.position":{"lat":"55.90340164933873","long":"12.7184718"},"geo.region":"Sweden"},"_links":{"self":[{"href":"https:\/\/73ven.aws.nosleep.se\/en\/wp-json\/wp\/v2\/pages\/225","targetHints":{"allow":["GET"]}}],"collection":[{"href":"https:\/\/73ven.aws.nosleep.se\/en\/wp-json\/wp\/v2\/pages"}],"about":[{"href":"https:\/\/73ven.aws.nosleep.se\/en\/wp-json\/wp\/v2\/types\/page"}],"author":[{"embeddable":true,"href":"https:\/\/73ven.aws.nosleep.se\/en\/wp-json\/wp\/v2\/users\/1"}],"replies":[{"embeddable":true,"href":"https:\/\/73ven.aws.nosleep.se\/en\/wp-json\/wp\/v2\/comments?post=225"}],"version-history":[{"count":0,"href":"https:\/\/73ven.aws.nosleep.se\/en\/wp-json\/wp\/v2\/pages\/225\/revisions"}],"up":[{"embeddable":true,"href":"https:\/\/73ven.aws.nosleep.se\/en\/wp-json\/wp\/v2\/pages\/1880"}],"wp:attachment":[{"href":"https:\/\/73ven.aws.nosleep.se\/en\/wp-json\/wp\/v2\/media?parent=225"}],"curies":[{"name":"wp","href":"https:\/\/api.w.org\/{rel}","templated":true}]}}